{"id":378,"date":"2018-05-24T22:40:19","date_gmt":"2018-05-24T20:40:19","guid":{"rendered":"http:\/\/andrealuebker.de\/?page_id=378"},"modified":"2022-10-30T18:00:22","modified_gmt":"2022-10-30T16:00:22","slug":"datenschutzerklaerung","status":"publish","type":"page","link":"https:\/\/andrealuebker.de\/?page_id=378","title":{"rendered":"Datenschutzerkl\u00e4rung"},"content":{"rendered":"<p>Die Betreiber dieser Seiten nehmen den Schutz Ihrer pers\u00f6nlichen Daten sehr ernst. Wir behandeln Ihre personenbezogenen Daten vertraulich und entsprechend der gesetzlichen Datenschutzvorschriften (Datenschutz-Grundverordnung (DSGVO) und Bundesdatenschutzgesetz (BDSG) &#8211; g\u00fcltig ab dem 25.05.2018)sowie dieser Datenschutzerkl\u00e4rung.<\/p>\n<p>Die Nutzung unserer Webseite ist ohne Eingabe personenbezogener Daten m\u00f6glich. Soweit auf unseren Seiten personenbezogene Daten (beispielsweise IP-Adressen) erhoben werden, erfolgt dies, soweit m\u00f6glich, stets auf freiwilliger Basis (siehe auch Google API\u2019s in dieser Datenschutzerkl\u00e4rung).<\/p>\n<p>Wir weisen darauf hin, dass die Daten\u00fcbertragung im Internet (z.B. bei der Kommunikation per E-Mail) Sicherheitsl\u00fccken aufweisen kann. Ein l\u00fcckenloser Schutz der Daten vor dem Zugriff durch Dritte ist nicht m\u00f6glich. Informationen und Kontaktdaten, die Sie uns per E-Mail zur Verf\u00fcgung stellen, werden streng nach den Regeln des Datenschutzes verwendet, gespeichert und (nach Fristablauf oder auf Ihren Wunsch) gel\u00f6scht, sofern keine gesetzlichen Vorgaben (z.B. der Finanzbeh\u00f6rden) dagegen sprechen.<\/p>\n<h2>Hosting<\/h2>\n<p>Die von uns in Anspruch genommenen Hosting-Leistungen dienen der Zurverf\u00fcgungstellung der folgenden Leistungen: Infrastruktur- und Plattformdienstleistungen, Rechenkapazit\u00e4t, Speicherplatz und Datenbankdienste, Sicherheitsleistungen sowie technische Wartungsleistungen, die wir zum Zweck des Betriebs der Website einsetzen. Hierbei verarbeiten wir, bzw. unser Hostinganbieter Inhaltsdaten, Nutzungsdaten, Meta- und Kommunikationsdaten von Kunden, Interessenten und Besuchern dieser Website auf Grundlage unserer berechtigten Interessen an einer effizienten und sicheren Zurverf\u00fcgungstellung unserer Website gem. Art. 6 Abs. 1 S. 1 f) DSGVO i.V.m. Art. 28 DSGVO.<\/p>\n<h2>Cookies<\/h2>\n<p>Wir verwenden sogenannte Session-Cookies, um unsere Website zu optimieren. Ein Session-Cookie ist eine kleine Textdatei, die von den jeweiligen Servern beim Besuch einer Internetseite verschickt und auf Ihrer Festplatte zwischengespeichert wird. Diese Datei als solche enth\u00e4lt eine sogenannte Session-ID, mit welcher sich verschiedene Anfragen Ihres Browsers der gemeinsamen Sitzung zuordnen lassen. Dadurch kann Ihr Rechner wiedererkannt werden, wenn Sie auf unsere Website zur\u00fcckkehren. Diese Cookies werden gel\u00f6scht, nachdem Sie Ihren Browser schlie\u00dfen.<\/p>\n<p>Wir verwenden in geringem Umfang auch persistente Cookies (ebenfalls kleine Textdateien, die auf Ihrem Endger\u00e4t abgelegt werden), die auf Ihrem Endger\u00e4t verbleiben und es uns erm\u00f6glichen, Ihren Browser beim n\u00e4chsten Besuch wiederzuerkennen. Diese Cookies werden auf Ihrer Festplatte gespeichert und l\u00f6schen sich nach der vorgegebenen Zeit von allein. Ihre Lebensdauer betr\u00e4gt 1 Monat bis 10 Jahre.<\/p>\n<p>Unser berechtigtes Interesse an der Nutzung der Cookies gem\u00e4\u00df Art 6 Abs. 1 S. 1 f) DSGVO liegt darin, unsere Website nutzerfreundlicher, effektiver und sicherer zu machen.<br \/>\nIn den Cookies werden etwa folgende Daten und Informationen gespeichert: Die Nutzung einzelner Funktionen unseres Internetauftritts.<\/p>\n<p>Bei Aktivierung des Cookies wird diesem eine Identifikationsnummer zugewiesen und eine Zuordnung Ihrer personenbezogenen Daten zu dieser Identifikationsnummer wird nicht vorgenommen. Ihr Name, Ihre IP-Adresse oder \u00e4hnliche Daten, die eine Zuordnung des Cookies zu Ihnen erm\u00f6glichen w\u00fcrden, werden nicht in den Cookie eingelegt. Auf Basis der Cookie-Technologie erhalten wir lediglich pseudonymisierte Informationen<\/p>\n<p>Sie k\u00f6nnen Ihren Browser so einstellen, dass Sie \u00fcber das Setzen von Cookies vorab informiert werden und im Einzelfall entscheiden k\u00f6nnen, ob Sie die Annahme von Cookies f\u00fcr bestimmte F\u00e4lle oder generell ausschlie\u00dfen, oder dass Cookies komplett verhindert werden. Dadurch kann die Funktionalit\u00e4t der Website eingeschr\u00e4nkt werden.<\/p>\n<h2>E-Mail Kontakt<\/h2>\n<p>Wenn Sie mit uns in Kontakt treten (z. B. per E-Mail), verarbeiten wir Ihre Angaben zur Bearbeitung der Anfrage sowie f\u00fcr den Fall, dass Anschlussfragen entstehen.<br \/>\nErfolgt die Datenverarbeitung zur Durchf\u00fchrung vorvertraglicher Ma\u00dfnahmen, die auf Ihre Anfrage hin erfolgen, bzw., wenn Sie bereits unser Kunde sind, zur Durchf\u00fchrung des Vertrages, ist Rechtsgrundlage f\u00fcr diese Datenverarbeitung Art. 6 Abs. 1 S. 1 b) DSGVO.<\/p>\n<p>Weitere personenbezogene Daten verarbeiten wir nur, wenn Sie dazu einwilligen (Art. 6 Abs. 1 S. 1 a) DSGVO) oder wir ein berechtigtes Interesse an der Verarbeitung Ihrer Daten haben (Art. 6 Abs. 1 S. 1 f) DSGVO). Ein berechtigtes Interesse liegt z. B. darin, auf Ihre E-Mail zu antworten.<\/p>\n","protected":false},"excerpt":{"rendered":"<p>Die Betreiber dieser Seiten nehmen den Schutz Ihrer pers\u00f6nlichen Daten sehr ernst. Wir behandeln Ihre personenbezogenen Daten vertraulich und entsprechend der gesetzlichen Datenschutzvorschriften (Datenschutz-Grundverordnung (DSGVO) und Bundesdatenschutzgesetz (BDSG) &#8211; g\u00fcltig ab dem 25.05.2018)sowie dieser Datenschutzerkl\u00e4rung. Die Nutzung unserer Webseite ist ohne Eingabe personenbezogener Daten m\u00f6glich. Soweit auf unseren Seiten personenbezogene Daten (beispielsweise IP-Adressen) erhoben werden, [&hellip;]<\/p>\n","protected":false},"author":1,"featured_media":0,"parent":0,"menu_order":65,"comment_status":"closed","ping_status":"closed","template":"","meta":{"footnotes":""},"class_list":["post-378","page","type-page","status-publish","hentry"],"_links":{"self":[{"href":"https:\/\/andrealuebker.de\/index.php?rest_route=\/wp\/v2\/pages\/378","targetHints":{"allow":["GET"]}}],"collection":[{"href":"https:\/\/andrealuebker.de\/index.php?rest_route=\/wp\/v2\/pages"}],"about":[{"href":"https:\/\/andrealuebker.de\/index.php?rest_route=\/wp\/v2\/types\/page"}],"author":[{"embeddable":true,"href":"https:\/\/andrealuebker.de\/index.php?rest_route=\/wp\/v2\/users\/1"}],"replies":[{"embeddable":true,"href":"https:\/\/andrealuebker.de\/index.php?rest_route=%2Fwp%2Fv2%2Fcomments&post=378"}],"version-history":[{"count":2,"href":"https:\/\/andrealuebker.de\/index.php?rest_route=\/wp\/v2\/pages\/378\/revisions"}],"predecessor-version":[{"id":392,"href":"https:\/\/andrealuebker.de\/index.php?rest_route=\/wp\/v2\/pages\/378\/revisions\/392"}],"wp:attachment":[{"href":"https:\/\/andrealuebker.de\/index.php?rest_route=%2Fwp%2Fv2%2Fmedia&parent=378"}],"curies":[{"name":"wp","href":"https:\/\/api.w.org\/{rel}","templated":true}]}}