{"id":59,"date":"2014-10-04T10:50:53","date_gmt":"2014-10-04T08:50:53","guid":{"rendered":"http:\/\/andrealuebker.de\/relaunch\/?page_id=59"},"modified":"2019-06-18T19:09:21","modified_gmt":"2019-06-18T17:09:21","slug":"impressum","status":"publish","type":"page","link":"https:\/\/andrealuebker.de\/?page_id=59","title":{"rendered":"IMPRESSUM"},"content":{"rendered":"<p>Kosmetik Andrea L\u00fcbker<br \/>\nInhaberin: Andrea L\u00fcbker<br \/>\nStadtpalais<br \/>\nTesdorpfstr. 20 (Mittelweg)<br \/>\n20148 Hamburg-Rotherbaum<br \/>\nTel. 040 696 319 86<br \/>\nMobil 0174 99 20 595<\/p>\n<p>Email: andrea.luebker@hamburg.de<br \/>\nInternet: www.andrealuebker.de<\/p>\n<p>Inhaltlich Verantwortlicher gem\u00e4\u00df \u00a710 Absatz 3 MDStV: Andrea L\u00fcbker (Anschrift wie oben).<\/p>\n<p>Haftungshinweis:<br \/>\nTrotz sorgf\u00e4ltiger inhaltlicher Kontrolle \u00fcbernehmen wir keine Haftung f\u00fcr die Inhalte externer Links. F\u00fcr den Inhalt der verlinkten Seiten sind ausschlie\u00dflich deren Betreiber verantwortlich. Wir geben keine Gew\u00e4hr auf Aktualit\u00e4t unserer Inhalte.<\/p>\n","protected":false},"excerpt":{"rendered":"<p>Kosmetik Andrea L\u00fcbker Inhaberin: Andrea L\u00fcbker Stadtpalais Tesdorpfstr. 20 (Mittelweg) 20148 Hamburg-Rotherbaum Tel. 040 696 319 86 Mobil 0174 99 20 595 Email: andrea.luebker@hamburg.de Internet: www.andrealuebker.de Inhaltlich Verantwortlicher gem\u00e4\u00df \u00a710 Absatz 3 MDStV: Andrea L\u00fcbker (Anschrift wie oben). Haftungshinweis: Trotz sorgf\u00e4ltiger inhaltlicher Kontrolle \u00fcbernehmen wir keine Haftung f\u00fcr die Inhalte externer Links. F\u00fcr den Inhalt [&hellip;]<\/p>\n","protected":false},"author":1,"featured_media":0,"parent":0,"menu_order":70,"comment_status":"closed","ping_status":"closed","template":"","meta":{"footnotes":""},"class_list":["post-59","page","type-page","status-publish","hentry"],"_links":{"self":[{"href":"https:\/\/andrealuebker.de\/index.php?rest_route=\/wp\/v2\/pages\/59","targetHints":{"allow":["GET"]}}],"collection":[{"href":"https:\/\/andrealuebker.de\/index.php?rest_route=\/wp\/v2\/pages"}],"about":[{"href":"https:\/\/andrealuebker.de\/index.php?rest_route=\/wp\/v2\/types\/page"}],"author":[{"embeddable":true,"href":"https:\/\/andrealuebker.de\/index.php?rest_route=\/wp\/v2\/users\/1"}],"replies":[{"embeddable":true,"href":"https:\/\/andrealuebker.de\/index.php?rest_route=%2Fwp%2Fv2%2Fcomments&post=59"}],"version-history":[{"count":6,"href":"https:\/\/andrealuebker.de\/index.php?rest_route=\/wp\/v2\/pages\/59\/revisions"}],"predecessor-version":[{"id":387,"href":"https:\/\/andrealuebker.de\/index.php?rest_route=\/wp\/v2\/pages\/59\/revisions\/387"}],"wp:attachment":[{"href":"https:\/\/andrealuebker.de\/index.php?rest_route=%2Fwp%2Fv2%2Fmedia&parent=59"}],"curies":[{"name":"wp","href":"https:\/\/api.w.org\/{rel}","templated":true}]}}