{"id":72,"date":"2014-10-05T12:38:32","date_gmt":"2014-10-05T10:38:32","guid":{"rendered":"http:\/\/andrealuebker.de\/relaunch\/?page_id=72"},"modified":"2021-03-30T12:32:38","modified_gmt":"2021-03-30T10:32:38","slug":"72-2","status":"publish","type":"page","link":"https:\/\/andrealuebker.de\/","title":{"rendered":"WILLKOMMEN &#8211; mein Studio befindet sich im Stadtpalais, Tesdorpfstr. 20 (Mittelweg)"},"content":{"rendered":"<table style=\"width: 100%;\">\n<tbody>\n<tr>\n<td style=\"width: 70%; vertical-align: middle;\">DUFTENDER TEE steht bereit, eine wohlig ANGEW\u00c4RMTE LIEGE und eine weiche UMH\u00dcLLENDE DECKE warten. Dieser Ort, an dem man den Alltag leicht hinter sich lassen kann, liegt in der N\u00e4he der Hamburger AUSSENALSTER im Herzen Hamburgs.<\/p>\n<p>Mit diesem Button k\u00f6nnen Sie via Treatwell einen Termin vereinbaren. Bitte beachten Sie dabei Treatwells <a href=\"http:\/\/www.treatwell.de\/info\/datenschutz\" target=\"blank\" rel=\"noopener\">Datenschutzbestimmungen<\/a>.<\/p>\n<p><a href=\"https:\/\/buchung.treatwell.de\/place\/318245\/menu\/\" target=\"blank\" rel=\"noopener\"><img decoding=\"async\" src=\"https:\/\/andrealuebker.de\/wp-content\/uploads\/2016\/07\/al_widget.png\"><\/a><\/p>\n<p>Das Kosmetikstudio Andrea L\u00fcbker bietet VERW\u00d6HNENDES f\u00fcr Haut, Geist und Seele.<\/td>\n<td style=\"width: 30%; vertical-align: middle;\"><img loading=\"lazy\" decoding=\"async\" class=\"size-medium wp-image-76\" src=\"https:\/\/andrealuebker.de\/wp-content\/uploads\/2014\/10\/Empfang-300x300.jpg\" alt=\"Empfang\" width=\"300\" height=\"300\" srcset=\"https:\/\/andrealuebker.de\/wp-content\/uploads\/2014\/10\/Empfang-300x300.jpg 300w, https:\/\/andrealuebker.de\/wp-content\/uploads\/2014\/10\/Empfang-150x150.jpg 150w, https:\/\/andrealuebker.de\/wp-content\/uploads\/2014\/10\/Empfang.jpg 591w\" sizes=\"auto, (max-width: 300px) 100vw, 300px\" \/><\/td>\n<\/tr>\n<\/tbody>\n<\/table>\n","protected":false},"excerpt":{"rendered":"<p>DUFTENDER TEE steht bereit, eine wohlig ANGEW\u00c4RMTE LIEGE und eine weiche UMH\u00dcLLENDE DECKE warten. Dieser Ort, an dem man den Alltag leicht hinter sich lassen kann, liegt in der N\u00e4he der Hamburger AUSSENALSTER im Herzen Hamburgs. Mit diesem Button k\u00f6nnen Sie via Treatwell einen Termin vereinbaren. Bitte beachten Sie dabei Treatwells Datenschutzbestimmungen. Das Kosmetikstudio Andrea [&hellip;]<\/p>\n","protected":false},"author":1,"featured_media":0,"parent":0,"menu_order":0,"comment_status":"closed","ping_status":"closed","template":"","meta":{"footnotes":""},"class_list":["post-72","page","type-page","status-publish","hentry"],"_links":{"self":[{"href":"https:\/\/andrealuebker.de\/index.php?rest_route=\/wp\/v2\/pages\/72","targetHints":{"allow":["GET"]}}],"collection":[{"href":"https:\/\/andrealuebker.de\/index.php?rest_route=\/wp\/v2\/pages"}],"about":[{"href":"https:\/\/andrealuebker.de\/index.php?rest_route=\/wp\/v2\/types\/page"}],"author":[{"embeddable":true,"href":"https:\/\/andrealuebker.de\/index.php?rest_route=\/wp\/v2\/users\/1"}],"replies":[{"embeddable":true,"href":"https:\/\/andrealuebker.de\/index.php?rest_route=%2Fwp%2Fv2%2Fcomments&post=72"}],"version-history":[{"count":29,"href":"https:\/\/andrealuebker.de\/index.php?rest_route=\/wp\/v2\/pages\/72\/revisions"}],"predecessor-version":[{"id":389,"href":"https:\/\/andrealuebker.de\/index.php?rest_route=\/wp\/v2\/pages\/72\/revisions\/389"}],"wp:attachment":[{"href":"https:\/\/andrealuebker.de\/index.php?rest_route=%2Fwp%2Fv2%2Fmedia&parent=72"}],"curies":[{"name":"wp","href":"https:\/\/api.w.org\/{rel}","templated":true}]}}